{"id":876,"date":"2024-01-30T13:01:20","date_gmt":"2024-01-30T13:01:20","guid":{"rendered":"https:\/\/ret-net.wn.uw.edu.pl\/?page_id=876"},"modified":"2024-02-01T08:04:49","modified_gmt":"2024-02-01T08:04:49","slug":"inspirations","status":"publish","type":"page","link":"https:\/\/ret-net.wn.uw.edu.pl\/index.php\/inspirations\/","title":{"rendered":"Inspirations"},"content":{"rendered":"\n<div class=\"wp-block-query alignfull is-layout-flow wp-block-query-is-layout-flow\"><ul class=\"wp-block-post-template is-layout-flow wp-block-post-template-is-layout-flow\"><li class=\"wp-block-post post-963 post type-post status-publish format-standard has-post-thumbnail hentry category-inspirations\">\n<h2 class=\"has-link-color wp-elements-51293a0e64e6e2007ba49ad2860c2f5c wp-block-post-title has-text-color has-black-color\">\u201eMy\u015blnik. S\u0142owo jako materia sztuki\u201d (wystawa w Muzeum Literatury w Warszawie)<\/h2>\n\n<div class=\"wp-block-post-date\"><time datetime=\"2024-03-11T07:47:52+00:00\">11 marca, 2024<\/time><\/div>\n\n<div class=\"wp-block-post-excerpt\"><p class=\"wp-block-post-excerpt__excerpt\">\u201eMy\u015blnik. S\u0142owo jako materia sztuki\u201d to wystawa przedstawiaj\u0105ca dzia\u0142ania j\u0119zykowe \u2013 prac\u0119 \u201ew s\u0142owie\u201d \u2013 polskich artyst\u00f3w i artystek sztuk wizualnych XX i XXI w., od futuryzmu, poprzez poezj\u0119 konkretn\u0105 i mail art, po instalacje i akcje wsp\u00f3\u0142czesne. Prace Brunona Jasie\u0144skiego, Andrzeja Partuma, Ewy Partum, Zbigniewa Warpechowskiego, Janusza Byszewskiego, Grupy Two\u017cywo, Katarzyny J\u00f3zefowicz, Cezarego Bodzianowskiego&hellip; <\/p><\/div>\n\n<a class=\"wp-elements-565d153b40fc64f3121fc858c9498a34 wp-block-read-more has-text-color has-black-color has-medium-font-size\" href=\"https:\/\/ret-net.wn.uw.edu.pl\/index.php\/2024\/03\/11\/myslnik-slowo-jako-materia-sztuki-wystawa-w-muzeum-literatury-w-warszawie\/\" target=\"_self\"><strong>More<\/strong><span class=\"screen-reader-text\">: \u201eMy\u015blnik. S\u0142owo jako materia sztuki\u201d (wystawa w Muzeum Literatury w Warszawie)<\/span><\/a>\n<\/li><li class=\"wp-block-post post-894 post type-post status-publish format-standard has-post-thumbnail hentry category-inspirations\">\n<h2 class=\"has-link-color wp-elements-51293a0e64e6e2007ba49ad2860c2f5c wp-block-post-title has-text-color has-black-color\">&#8222;Fake News. Factory of lies&#8221; (Exhibition in Madrid)<\/h2>\n\n<div class=\"wp-block-post-date\"><time datetime=\"2024-01-30T13:34:56+00:00\">30 stycznia, 2024<\/time><\/div>\n\n<div class=\"wp-block-post-excerpt\"><p class=\"wp-block-post-excerpt__excerpt\">In the modern world, falsehood is mixed with the truth and fake news intermingle with real information. How to display the truth about falsehoods in a form accessible to the lay public? Journalist Mario Tasc\u00f3n came up with the idea of the exhibition &#8222;Fake News. The factory of lies \/ Fake news. La f\u00e0brica de&hellip; <\/p><\/div>\n\n<a class=\"wp-elements-565d153b40fc64f3121fc858c9498a34 wp-block-read-more has-text-color has-black-color has-medium-font-size\" href=\"https:\/\/ret-net.wn.uw.edu.pl\/index.php\/2024\/01\/30\/fake-news-factory-of-lies-exhibition-in-madrid\/\" target=\"_self\"><strong>More<\/strong><span class=\"screen-reader-text\">: &#8222;Fake News. Factory of lies&#8221; (Exhibition in Madrid)<\/span><\/a>\n<\/li><\/ul>\n\n\n<hr class=\"wp-block-separator has-text-color has-alpha-channel-opacity has-background is-style-default\" style=\"margin-top:var(--wp--preset--spacing--40);margin-bottom:var(--wp--preset--spacing--40);background-color:#ebebfc;color:#ebebfc\"\/>\n\n\n\n\n<\/div>\n","protected":false},"excerpt":{"rendered":"","protected":false},"author":1,"featured_media":0,"parent":0,"menu_order":0,"comment_status":"closed","ping_status":"closed","template":"","meta":{"footnotes":""},"class_list":["post-876","page","type-page","status-publish","hentry"],"_links":{"self":[{"href":"https:\/\/ret-net.wn.uw.edu.pl\/index.php\/wp-json\/wp\/v2\/pages\/876","targetHints":{"allow":["GET"]}}],"collection":[{"href":"https:\/\/ret-net.wn.uw.edu.pl\/index.php\/wp-json\/wp\/v2\/pages"}],"about":[{"href":"https:\/\/ret-net.wn.uw.edu.pl\/index.php\/wp-json\/wp\/v2\/types\/page"}],"author":[{"embeddable":true,"href":"https:\/\/ret-net.wn.uw.edu.pl\/index.php\/wp-json\/wp\/v2\/users\/1"}],"replies":[{"embeddable":true,"href":"https:\/\/ret-net.wn.uw.edu.pl\/index.php\/wp-json\/wp\/v2\/comments?post=876"}],"version-history":[{"count":11,"href":"https:\/\/ret-net.wn.uw.edu.pl\/index.php\/wp-json\/wp\/v2\/pages\/876\/revisions"}],"predecessor-version":[{"id":955,"href":"https:\/\/ret-net.wn.uw.edu.pl\/index.php\/wp-json\/wp\/v2\/pages\/876\/revisions\/955"}],"wp:attachment":[{"href":"https:\/\/ret-net.wn.uw.edu.pl\/index.php\/wp-json\/wp\/v2\/media?parent=876"}],"curies":[{"name":"wp","href":"https:\/\/api.w.org\/{rel}","templated":true}]}}