{"id":871,"date":"2024-01-30T12:59:51","date_gmt":"2024-01-30T12:59:51","guid":{"rendered":"https:\/\/ret-net.wn.uw.edu.pl\/?page_id=871"},"modified":"2024-12-13T11:23:52","modified_gmt":"2024-12-13T11:23:52","slug":"resources","status":"publish","type":"page","link":"https:\/\/ret-net.wn.uw.edu.pl\/index.php\/resources\/","title":{"rendered":"Resources"},"content":{"rendered":"\n<h2 class=\"wp-block-heading\">Useful sources<br><\/h2>\n\n\n\n<p>The topic of rhetoric in different languages and cultures is addressed in a series of thematic issues of the Res Rhetorica quarterly, initiated by Maria Za\u0142\u0119ska<\/p>\n\n\n\n<div class=\"wp-block-group is-layout-flow wp-block-group-is-layout-flow\">\n<p><strong>Rhetoric in Argentina \/ Retoryka w Argentynie (vol. 2, nr 1, 2015)<\/strong><br>Editors of the issue: Alejandra Vitale, Maria Za\u0142\u0119ska<br><a href=\"https:\/\/resrhetorica.com\/index.php\/RR\/issue\/view\/3\" target=\"_blank\" rel=\"noreferrer noopener\">https:\/\/resrhetorica.com\/index.php\/RR\/issue\/view\/3<\/a><\/p>\n\n\n\n<p><strong>Rhetoric in Spain \/ Retoryka w Hiszpanii (vol. 3, nr 1, 2016) <br><\/strong>Editors of the issue: Narcis Iglesias, Maria Za\u0142\u0119ska<br><a href=\"https:\/\/resrhetorica.com\/index.php\/RR\/issue\/view\/6\" target=\"_blank\" rel=\"noreferrer noopener\">https:\/\/resrhetorica.com\/index.php\/RR\/issue\/view\/6<\/a><\/p>\n\n\n\n<p><strong>Rhetoric in Italy \/ Retoryka we W\u0142oszech (vol. 4, nr 1, 2017) <br><\/strong>Editors of the issue: Bruno Capaci, Maria Za\u0142\u0119ska <br><a href=\"https:\/\/resrhetorica.com\/index.php\/RR\/issue\/view\/12\" target=\"_blank\" rel=\"noreferrer noopener\">https:\/\/resrhetorica.com\/index.php\/RR\/issue\/view\/12<\/a><\/p>\n\n\n\n<p><strong>Rhetoric of American Identities \/ Retoryka ameryka\u0144skich to\u017csamo\u015bci (vol. 7, nr 2, 2020)<\/strong><br>Editors of the issue: Anna Bendrat, El\u017cbieta Pawlak-Hejno <br><a href=\"https:\/\/resrhetorica.com\/index.php\/RR\/issue\/view\/24\" target=\"_blank\" rel=\"noreferrer noopener\">https:\/\/resrhetorica.com\/index.php\/RR\/issue\/view\/24<\/a><\/p>\n\n\n\n<p><strong>Rhetoric of Silence in American Studies \/ Retoryka ciszy &#8211; perspektywa amerykanistyczna (vol. 7, nr 4, 2020) <\/strong><br>Editors of the issue: Katarzyna Molek-Kozakowska, Klara Szma\u0144ko <br><a href=\"https:\/\/resrhetorica.com\/index.php\/RR\/issue\/view\/26\" target=\"_blank\" rel=\"noreferrer noopener\">https:\/\/resrhetorica.com\/index.php\/RR\/issue\/view\/26<\/a><\/p>\n\n\n\n<p><strong>Rhetoric in Scandinavia \/ Retoryka w Skandynawii (vol. 10, nr 4, 2023) <\/strong><br>Editors of the issue: Tommy Bruhn, Lisa S. Villadsen, Ewa Modrzejewska <br><a href=\"https:\/\/resrhetorica.com\/index.php\/RR\/issue\/view\/41\" target=\"_blank\" rel=\"noreferrer noopener\">https:\/\/resrhetorica.com\/index.php\/RR\/issue\/view\/41<\/a><\/p>\n\n\n\n<p><strong>Rhetoric in Mexico \/ Retoryka w Meksyku (vol. 11, nr 3, 2024)<\/strong><br>redaktorzy numeru: Gerardo Ram\u00edrez Vidal; Mar\u00eda Alejandra Vitale, Agnieszka Kampka, Marta Kobylska<br><a href=\"https:\/\/resrhetorica.com\/index.php\/RR\">https:\/\/resrhetorica.com\/index.php\/RR<\/a><\/p>\n<\/div>\n","protected":false},"excerpt":{"rendered":"<p>Useful sources The topic of rhetoric in different languages and cultures is addressed in a series of thematic issues of the Res Rhetorica quarterly, initiated by Maria Za\u0142\u0119ska Rhetoric in Argentina \/ Retoryka w Argentynie (vol. 2, nr 1, 2015)Editors of the issue: Alejandra Vitale, Maria Za\u0142\u0119skahttps:\/\/resrhetorica.com\/index.php\/RR\/issue\/view\/3 Rhetoric in Spain \/ Retoryka w Hiszpanii (vol. [&hellip;]<\/p>\n","protected":false},"author":1,"featured_media":0,"parent":0,"menu_order":0,"comment_status":"closed","ping_status":"closed","template":"","meta":{"footnotes":""},"class_list":["post-871","page","type-page","status-publish","hentry"],"_links":{"self":[{"href":"https:\/\/ret-net.wn.uw.edu.pl\/index.php\/wp-json\/wp\/v2\/pages\/871","targetHints":{"allow":["GET"]}}],"collection":[{"href":"https:\/\/ret-net.wn.uw.edu.pl\/index.php\/wp-json\/wp\/v2\/pages"}],"about":[{"href":"https:\/\/ret-net.wn.uw.edu.pl\/index.php\/wp-json\/wp\/v2\/types\/page"}],"author":[{"embeddable":true,"href":"https:\/\/ret-net.wn.uw.edu.pl\/index.php\/wp-json\/wp\/v2\/users\/1"}],"replies":[{"embeddable":true,"href":"https:\/\/ret-net.wn.uw.edu.pl\/index.php\/wp-json\/wp\/v2\/comments?post=871"}],"version-history":[{"count":15,"href":"https:\/\/ret-net.wn.uw.edu.pl\/index.php\/wp-json\/wp\/v2\/pages\/871\/revisions"}],"predecessor-version":[{"id":977,"href":"https:\/\/ret-net.wn.uw.edu.pl\/index.php\/wp-json\/wp\/v2\/pages\/871\/revisions\/977"}],"wp:attachment":[{"href":"https:\/\/ret-net.wn.uw.edu.pl\/index.php\/wp-json\/wp\/v2\/media?parent=871"}],"curies":[{"name":"wp","href":"https:\/\/api.w.org\/{rel}","templated":true}]}}